{"id":19869,"date":"2023-05-22T20:04:37","date_gmt":"2023-05-22T18:04:37","guid":{"rendered":"https:\/\/frajt.cz\/kabiny\/"},"modified":"2024-01-31T00:28:47","modified_gmt":"2024-01-30T23:28:47","slug":"kabinen","status":"publish","type":"page","link":"https:\/\/frajt.cz\/de\/kabinen\/","title":{"rendered":"Kabinen"},"content":{"rendered":"<p>[vc_row][vc_column offset=&#8221;vc_hidden-md vc_hidden-sm vc_hidden-xs&#8221;][vc_empty_space height=&#8221;100px&#8221;][\/vc_column][\/vc_row][vc_row][vc_column width=&#8221;1\/4&#8243;][vc_column_text]Die Kabinen und Trennw\u00e4nde von Frajt decken eine breite Palette von Bed\u00fcrfnissen f\u00fcr fast alle Benutzer ab. Wir produzieren sie in verschiedenen Nutzungsvarianten, am h\u00e4ufigsten als &#8220;Trenn-&#8220;, Sanit\u00e4rtoilette und Duschen-, Umkleide- oder Lagerkabinen.<\/p>\n<p>Exklusive Design-Kabinen und Trennw\u00e4nde sind aus bedrucktem Glas gefertigt. Wir verwenden haltbare HPL (High Pressure Laminates) f\u00fcr stark beanspruchte oder &#8220;nasse Bereiche&#8221;. LTD-Materialien mit Spanplattenkern sind f\u00fcr den normalen Betrieb in trockenen Umgebungen ausgelegt. Mit der richtigen Wahl des Materials k\u00f6nnen Glas- und HPL-Produkte sowohl im Innenbereich als auch im Au\u00dfenbereich eingesetzt werden. Die Montage erfolgt auf trockene Art und Weise. Bei qualitativer Vorbereitung in den Werkst\u00e4tten ist die tats\u00e4chliche Umsetzung sehr pr\u00e4zise und schnell.<\/p>\n<p>Mit den Frajt-Systemelementen l\u00e4sst sich nahezu jeder Kundenwunsch erf\u00fcllen: auch die individuelle Anpassung. Kunden, Architekten und Designer sch\u00e4tzen die Qualit\u00e4t, die Funktionalit\u00e4t und das \u00e4sthetische Erscheinungsbild der Frajt-Produkte. Mit den passenden Dekoren lassen sich verschiedene Materialien leicht miteinander kombinieren.<\/p>\n<p>Ob Sie einen modernen, minimalistischen Stil oder lebendige und kreative Designs bevorzugen, unsere Designpalette bietet Ihnen eine breite Palette von M\u00f6glichkeiten.[\/vc_column_text][\/vc_column][vc_column width=&#8221;3\/4&#8243;][vc_single_image image=&#8221;17270&#8243; img_size=&#8221;full&#8221;][\/vc_column][\/vc_row][vc_row][vc_column offset=&#8221;vc_hidden-md vc_hidden-sm vc_hidden-xs&#8221;][vc_empty_space height=&#8221;100px&#8221;][\/vc_column][\/vc_row][vc_row][vc_column offset=&#8221;vc_hidden-md vc_hidden-sm vc_hidden-xs&#8221;][vc_separator][\/vc_column][\/vc_row][vc_row][vc_column offset=&#8221;vc_hidden-md vc_hidden-sm vc_hidden-xs&#8221;][vc_empty_space height=&#8221;100px&#8221;][\/vc_column][\/vc_row][vc_row][vc_column width=&#8221;2\/3&#8243;][vc_single_image image=&#8221;17272&#8243; img_size=&#8221;full&#8221;][vc_empty_space height=&#8221;100px&#8221;][\/vc_column][vc_column width=&#8221;1\/3&#8243;]\t\t<div class=\"ts-heading heading-1 style-default text-default\">\r\n\t\t\t<h1 class=\"heading\">Toilettenkabinen<\/h1>\r\n\t\t<\/div>\r\n\t\t[vc_column_text]Sie stellen eine ideale und elegante L\u00f6sung f\u00fcr Toiletten in \u00f6ffentlichen Geb\u00e4uden dar, in denen gro\u00dfer Wert auf Funktionalit\u00e4t und Hygiene gelegt wird. Es gibt sie in einer Vielzahl von Ausf\u00fchrungen: von luxuri\u00f6s bis zweckm\u00e4\u00dfig.<\/p>\n<p>Die Kabinen von Frajt passen sich in Bezug auf Gr\u00f6\u00dfe, Dekor und Ausstattung fast allen Anforderungen an. Standardm\u00e4\u00dfig sind sie auf St\u00fctzf\u00fc\u00dfen aufgebaut, k\u00f6nnen aber auch in voller H\u00f6he vom Boden bis zur Decke oder h\u00e4ngend installiert werden &#8211; mit einer optisch verdeckten Konstruktion (scheinbar schwebend), wenn die betrieblichen Auswirkungen bewertet werden.[\/vc_column_text][vc_empty_space height=&#8221;20px&#8221;]<div class=\"ts-button-wrapper has-border\"><div class=\"ts-shortcode-custom-style hidden\">.ts-button-wrapper a.ts-button-1{background:#ffffff;border-color:#020202;border-width:1px ;color:#000000;}.ts-button-wrapper a.ts-button-1:hover{background:#000000;border-color:#000000;color:#ffffff;}<\/div><a href=\"\/pripravujeme\/\" target=\"_self\" class=\"ts-button ts-button-1 square medium  \">TOILETTENKABINEN ANZEIGEN<\/a><\/div>[vc_empty_space height=&#8221;100px&#8221;][\/vc_column][\/vc_row][vc_row][vc_column width=&#8221;1\/4&#8243;]\t\t<div class=\"ts-heading heading-1 style-default text-default\">\r\n\t\t\t<h1 class=\"heading\">Umkleidekabinen<\/h1>\r\n\t\t<\/div>\r\n\t\t[vc_column_text]Umkleidekabinen bieten Privatsph\u00e4re beim Umkleiden in \u00f6ffentlichen Bereichen. Je nach Grundriss und Nutzung liefern wir Kabinen zur Wandmontage oder in den Raum gestellt (mit selbsttragender Konstruktion) in durchgehender oder nicht durchgehender Ausf\u00fchrung.<\/p>\n<p>Durchgangskabinen sind in der Regel mit einer Zentralverriegelung f\u00fcr beide T\u00fcren gleichzeitig ausgestattet. Sie dienen h\u00e4ufig dazu, die so genannten sauberen und schmutzigen Zonen zu trennen, um eine hygienische Trennung des Verkehrs zu gew\u00e4hrleisten.<\/p>\n<p>Umkleidekabinen von Frajt sind in der Regel mit zus\u00e4tzlichen Elementen wie B\u00e4nken, Haken, Spiegeln und anderen Ausstattungen ausgestattet.[\/vc_column_text][vc_empty_space height=&#8221;20px&#8221;]<div class=\"ts-button-wrapper has-border\"><div class=\"ts-shortcode-custom-style hidden\">.ts-button-wrapper a.ts-button-2{background:#ffffff;border-color:#020202;border-width:1px ;color:#000000;}.ts-button-wrapper a.ts-button-2:hover{background:#000000;border-color:#000000;color:#ffffff;}<\/div><a href=\"\/pripravujeme\/\" target=\"_self\" class=\"ts-button ts-button-2 square medium  \">UMKLEIDEKABINEN ANZEIGEN<\/a><\/div>[vc_empty_space height=&#8221;100px&#8221;][\/vc_column][vc_column width=&#8221;3\/4&#8243;][vc_single_image image=&#8221;17274&#8243; img_size=&#8221;full&#8221;][vc_empty_space height=&#8221;100px&#8221;][\/vc_column][\/vc_row][vc_row][vc_column width=&#8221;2\/3&#8243;][vc_single_image image=&#8221;17275&#8243; img_size=&#8221;full&#8221;][vc_empty_space height=&#8221;100px&#8221;][\/vc_column][vc_column width=&#8221;1\/3&#8243;]\t\t<div class=\"ts-heading heading-1 style-default text-default\">\r\n\t\t\t<h1 class=\"heading\">Duschkabinen<\/h1>\r\n\t\t<\/div>\r\n\t\t[vc_column_text]Duschkabinen und Trennw\u00e4nde werden von den Nutzern wegen ihrer keimfreien und hygienischen Eigenschaften und ihrer einfachen Wartung gesch\u00e4tzt. Sie unterteilen den Raum effektiv und bieten mehr Privatsph\u00e4re, ohne den Platz in der Dusche zu beanspruchen. Sie werden aus hochwertigem HPL (Hochdrucklaminat mit Melaminbeschichtung) oder geh\u00e4rtetem Glas mit Druck hergestellt.<\/p>\n<p>Die Systemelemente und alle Zusatzkonstruktionen sind aus rostfreiem Stahl oder Aluminium mit eloxierter Oberfl\u00e4che.<\/p>\n<p>Duschen k\u00f6nnen als Kabinen mit T\u00fcren und Stauraum oder als separate Trennw\u00e4nde ausgef\u00fchrt werden.[\/vc_column_text][vc_empty_space height=&#8221;20px&#8221;]<div class=\"ts-button-wrapper has-border\"><div class=\"ts-shortcode-custom-style hidden\">.ts-button-wrapper a.ts-button-3{background:#ffffff;border-color:#020202;border-width:1px ;color:#000000;}.ts-button-wrapper a.ts-button-3:hover{background:#000000;border-color:#000000;color:#ffffff;}<\/div><a href=\"\/pripravujeme\/\" target=\"_self\" class=\"ts-button ts-button-3 square medium  \">DUSCHKABINEN ANZEIGEN<\/a><\/div>[vc_empty_space height=&#8221;100px&#8221;][\/vc_column][\/vc_row][vc_row][vc_column][vc_empty_space height=&#8221;100px&#8221;][vc_separator][vc_empty_space height=&#8221;100px&#8221;][vc_column_text]<\/p>\n<h2 style=\"text-align: center;\">Materialien<\/h2>\n<p>[\/vc_column_text][vc_empty_space height=&#8221;100px&#8221;][\/vc_column][\/vc_row][vc_row][vc_column width=&#8221;1\/4&#8243;]\t\t<div class=\"ts-heading heading-1 style-default text-default\">\r\n\t\t\t<h1 class=\"heading\">HPL<\/h1>\r\n\t\t<\/div>\r\n\t\t[vc_column_text]Das Hochdrucklaminat mit Melaminbeschichtung ist sehr widerstandsf\u00e4hig gegen mechanische Belastungen und Feuchtigkeit. Der Kern besteht aus einer Mischung aus speziellem Holzpapier und Harzen, die bei hohen Temperaturen und unter hohem Druck gepresst werden. Das Material hat aseptische Eigenschaften, die zur Aufrechterhaltung einer hygienischen Umgebung beitragen. Leicht zu reinigen und zu desinfizieren. In Verbindung mit Zubeh\u00f6r aus Edelstahl oder Nylon ist es die ideale L\u00f6sung f\u00fcr betrieblichen Background und Sanit\u00e4rbereiche. Die Wartungskosten sind minimal.[\/vc_column_text][vc_empty_space height=&#8221;20px&#8221;]<div class=\"ts-button-wrapper has-border\"><div class=\"ts-shortcode-custom-style hidden\">.ts-button-wrapper a.ts-button-4{background:#ffffff;border-color:#020202;border-width:1px ;color:#000000;}.ts-button-wrapper a.ts-button-4:hover{background:#000000;border-color:#000000;color:#ffffff;}<\/div><a href=\"\/pripravujeme\/\" target=\"_self\" class=\"ts-button ts-button-4 square medium  \">KABINEN AUS HPL ANZEIGEN<\/a><\/div>[vc_empty_space height=&#8221;100px&#8221;][\/vc_column][vc_column width=&#8221;3\/4&#8243;][vc_single_image image=&#8221;17277&#8243; img_size=&#8221;full&#8221;][vc_empty_space height=&#8221;100px&#8221;][\/vc_column][\/vc_row][vc_row][vc_column width=&#8221;1\/4&#8243;]\t\t<div class=\"ts-heading heading-1 style-default text-default\">\r\n\t\t\t<h1 class=\"heading\">LTD<\/h1>\r\n\t\t<\/div>\r\n\t\t[vc_column_text]Die laminierte Spanplatte ist mit einem mit Melaminharz impr\u00e4gnierten Dekorpapier \u00fcberzogen. Eine breite Palette von Dekoren (Farben, Naturdekore) ist in verschiedenen Ausf\u00fchrungen erh\u00e4ltlich. Es ist f\u00fcr trockene Anwendungen in Innenr\u00e4umen ohne Kontakt mit Feuchtigkeit konzipiert. Typische Anwendungen sind die Herstellung von M\u00f6beln, die Montage von Frontalfl\u00e4chen und Verkleidungen.[\/vc_column_text][vc_empty_space height=&#8221;20px&#8221;]<div class=\"ts-button-wrapper has-border\"><div class=\"ts-shortcode-custom-style hidden\">.ts-button-wrapper a.ts-button-5{background:#ffffff;border-color:#020202;border-width:1px ;color:#000000;}.ts-button-wrapper a.ts-button-5:hover{background:#000000;border-color:#000000;color:#ffffff;}<\/div><a href=\"\/pripravujeme\/\" target=\"_self\" class=\"ts-button ts-button-5 square medium  \">KABINEN AUS LTD ANZEIGEN<\/a><\/div>[vc_empty_space height=&#8221;100px&#8221;][\/vc_column][vc_column width=&#8221;3\/4&#8243;][vc_single_image image=&#8221;17278&#8243; img_size=&#8221;full&#8221;][vc_empty_space height=&#8221;100px&#8221;][\/vc_column][\/vc_row][vc_row][vc_column width=&#8221;1\/4&#8243;]\t\t<div class=\"ts-heading heading-1 style-default text-default\">\r\n\t\t\t<h1 class=\"heading\">GLAS<\/h1>\r\n\t\t<\/div>\r\n\t\t[vc_column_text]<strong>Sanit\u00e4rtrennw\u00e4nde aus Glas<\/strong> f\u00fcr den Toilettenbereich sind Ausdruck des modernen architektonischen <strong>Trends des 21. Jahrhunderts, der auf Qualit\u00e4t und \u00c4sthetik setzt. <\/strong>Dank modernster keramischer Digitaldrucktechnologien auf Flachglas ist das Material individuell bedruckbar und erf\u00fcllt h\u00f6chste Hygienestandards.<\/p>\n<p>Dank der Technologie des keramischen Drucks auf Glas bieten wir <strong>Toilettenkabinen aus Glas mit keramischem Druck auf Bestellung an. <\/strong>Diese innovative Technologie bietet grenzenlose M\u00f6glichkeiten bei der Gestaltung von R\u00e4umen und verbindet Designelemente mit einem hohen Ma\u00df an Sicherheit, was f\u00fcr die Funktionalit\u00e4t und \u00c4sthetik dieser R\u00e4ume unerl\u00e4sslich ist.<\/p>\n<p>Glastoilettenkabinen und Sanit\u00e4rtrennw\u00e4nde werden aus <strong>bedrucktem und geh\u00e4rtetem <\/strong>(Sicherheits-)<strong>Glas<\/strong> hergestellt, das nicht nur sehr <strong>hart<\/strong> und <strong>haltbar<\/strong> ist, sondern auch <strong>feuchte Umgebungen aush\u00e4lt<\/strong> und <strong>aseptische Eigenschaften<\/strong> hat. In Kombination mit Zubeh\u00f6r aus Edelstahl oder Aluminium sind sie die ideale L\u00f6sung f\u00fcr Sanit\u00e4rbereiche in modernen Geb\u00e4uden.[\/vc_column_text][vc_empty_space height=&#8221;20px&#8221;]<div class=\"ts-button-wrapper has-border\"><div class=\"ts-shortcode-custom-style hidden\">.ts-button-wrapper a.ts-button-6{background:#ffffff;border-color:#020202;border-width:1px ;color:#000000;}.ts-button-wrapper a.ts-button-6:hover{background:#000000;border-color:#000000;color:#ffffff;}<\/div><a href=\"\/pripravujeme\/\" target=\"_self\" class=\"ts-button ts-button-6 square medium  \">ZOBRAZIT KABINY ZE SKLA<\/a><\/div>[vc_empty_space height=&#8221;100px&#8221;][\/vc_column][vc_column width=&#8221;3\/4&#8243;][vc_single_image image=&#8221;17279&#8243; img_size=&#8221;full&#8221;][vc_empty_space height=&#8221;100px&#8221;][\/vc_column][\/vc_row][vc_row][vc_column offset=&#8221;vc_hidden-md vc_hidden-sm vc_hidden-xs&#8221;][vc_separator][vc_empty_space height=&#8221;100px&#8221;][\/vc_column][\/vc_row][vc_row][vc_column][vc_masonry_media_grid grid_id=&#8221;vc_gid:1706657108943-714195b1-83d1-3&#8243; include=&#8221;17279,17278,17277,17275,17274,17272,17270,17268,17264,17179&#8243;][\/vc_column][\/vc_row]<\/p>\n","protected":false},"excerpt":{"rendered":"<p>[vc_row][vc_column offset=&#8221;vc_hidden-md vc_hidden-sm vc_hidden-xs&#8221;][vc_empty_space height=&#8221;100px&#8221;][\/vc_column][\/vc_row][vc_row][vc_column width=&#8221;1\/4&#8243;][vc_column_text]Die Kabinen und Trennw\u00e4nde von Frajt decken eine breite Palette von Bed\u00fcrfnissen f\u00fcr fast alle Benutzer ab. Wir produzieren sie in verschiedenen Nutzungsvarianten, am h\u00e4ufigsten als &#8220;Trenn-&#8220;, Sanit\u00e4rtoilette und Duschen-, Umkleide- oder Lagerkabinen. Exklusive Design-Kabinen und Trennw\u00e4nde sind aus bedrucktem Glas gefertigt. Wir verwenden haltbare HPL (High Pressure Laminates) f\u00fcr [&hellip;]<\/p>\n","protected":false},"author":1,"featured_media":0,"parent":0,"menu_order":0,"comment_status":"closed","ping_status":"closed","template":"","meta":{"footnotes":""},"_links":{"self":[{"href":"https:\/\/frajt.cz\/de\/wp-json\/wp\/v2\/pages\/19869"}],"collection":[{"href":"https:\/\/frajt.cz\/de\/wp-json\/wp\/v2\/pages"}],"about":[{"href":"https:\/\/frajt.cz\/de\/wp-json\/wp\/v2\/types\/page"}],"author":[{"embeddable":true,"href":"https:\/\/frajt.cz\/de\/wp-json\/wp\/v2\/users\/1"}],"replies":[{"embeddable":true,"href":"https:\/\/frajt.cz\/de\/wp-json\/wp\/v2\/comments?post=19869"}],"version-history":[{"count":2,"href":"https:\/\/frajt.cz\/de\/wp-json\/wp\/v2\/pages\/19869\/revisions"}],"predecessor-version":[{"id":19871,"href":"https:\/\/frajt.cz\/de\/wp-json\/wp\/v2\/pages\/19869\/revisions\/19871"}],"wp:attachment":[{"href":"https:\/\/frajt.cz\/de\/wp-json\/wp\/v2\/media?parent=19869"}],"curies":[{"name":"wp","href":"https:\/\/api.w.org\/{rel}","templated":true}]}}