{"id":19887,"date":"2023-05-25T21:51:41","date_gmt":"2023-05-25T19:51:41","guid":{"rendered":"https:\/\/frajt.cz\/umyvadlove-desky\/"},"modified":"2024-01-31T00:50:47","modified_gmt":"2024-01-30T23:50:47","slug":"waschbeckenplatten","status":"publish","type":"page","link":"https:\/\/frajt.cz\/de\/waschbeckenplatten\/","title":{"rendered":"Waschbeckenplatten"},"content":{"rendered":"<p>[vc_row][vc_column offset=&#8221;vc_hidden-md vc_hidden-sm vc_hidden-xs&#8221;][vc_empty_space height=&#8221;100px&#8221;][\/vc_column][\/vc_row][vc_row][vc_column width=&#8221;1\/4&#8243;][vc_column_text]Waschbeckenplatten aus Hochdrucklaminat sind die ideale L\u00f6sung f\u00fcr \u00f6ffentliche Toiletten, bei denen Wartungsfreundlichkeit und Wasserbest\u00e4ndigkeit eine wichtige Rolle spielen.<\/p>\n<p>Diese Waschbeckenplatten sind speziell f\u00fcr Einbaubecken konzipiert, die sich leicht in die Oberfl\u00e4che integrieren lassen. F\u00fcr die Produktion wird haupts\u00e4chlich Hochdrucklaminat (HPL) mit einer Dicke von 10 mm verwendet, das in verschiedenen Farben entsprechend der HPL-Plattenserie erh\u00e4ltlich ist.<\/p>\n<p>F\u00fcr eine solide und zuverl\u00e4ssige Konstruktion werden Stahlb\u00fcgel mit Comaxit-Beschichtung verwendet. Die Waschbeckenplatten werden entweder in der Gipskartonwand verankert, die in H\u00f6he der Plattenverankerung (90 cm) mit einem Querprofil verst\u00e4rkt werden muss, oder sie werden direkt an der Wand mit speziellen verdeckten Aluminiumwinkeln befestigt. Die maximale L\u00e4nge der Arbeitsplatte ohne Verl\u00e4ngerung betr\u00e4gt 4100 mm, was gen\u00fcgend Platz f\u00fcr verschiedene Anwendungen bietet.<\/p>\n<p>Waschbeckenplatten aus Hochdrucklaminat erf\u00fcllen die Anforderungen an Hygiene, Haltbarkeit und \u00c4sthetik und sind somit die ideale Wahl f\u00fcr \u00f6ffentliche Sozialeinrichtungen, die zuverl\u00e4ssige und funktionelle L\u00f6sungen erfordern.[\/vc_column_text][\/vc_column][vc_column width=&#8221;3\/4&#8243;][vc_single_image image=&#8221;17340&#8243; img_size=&#8221;full&#8221;][\/vc_column][\/vc_row][vc_row][vc_column][vc_empty_space height=&#8221;150px&#8221;][\/vc_column][\/vc_row]<\/p>\n","protected":false},"excerpt":{"rendered":"<p>[vc_row][vc_column offset=&#8221;vc_hidden-md vc_hidden-sm vc_hidden-xs&#8221;][vc_empty_space height=&#8221;100px&#8221;][\/vc_column][\/vc_row][vc_row][vc_column width=&#8221;1\/4&#8243;][vc_column_text]Waschbeckenplatten aus Hochdrucklaminat sind die ideale L\u00f6sung f\u00fcr \u00f6ffentliche Toiletten, bei denen Wartungsfreundlichkeit und Wasserbest\u00e4ndigkeit eine wichtige Rolle spielen. Diese Waschbeckenplatten sind speziell f\u00fcr Einbaubecken konzipiert, die sich leicht in die Oberfl\u00e4che integrieren lassen. F\u00fcr die Produktion wird haupts\u00e4chlich Hochdrucklaminat (HPL) mit einer Dicke von 10 mm verwendet, das in [&hellip;]<\/p>\n","protected":false},"author":1,"featured_media":0,"parent":0,"menu_order":0,"comment_status":"closed","ping_status":"closed","template":"","meta":{"footnotes":""},"_links":{"self":[{"href":"https:\/\/frajt.cz\/de\/wp-json\/wp\/v2\/pages\/19887"}],"collection":[{"href":"https:\/\/frajt.cz\/de\/wp-json\/wp\/v2\/pages"}],"about":[{"href":"https:\/\/frajt.cz\/de\/wp-json\/wp\/v2\/types\/page"}],"author":[{"embeddable":true,"href":"https:\/\/frajt.cz\/de\/wp-json\/wp\/v2\/users\/1"}],"replies":[{"embeddable":true,"href":"https:\/\/frajt.cz\/de\/wp-json\/wp\/v2\/comments?post=19887"}],"version-history":[{"count":2,"href":"https:\/\/frajt.cz\/de\/wp-json\/wp\/v2\/pages\/19887\/revisions"}],"predecessor-version":[{"id":19889,"href":"https:\/\/frajt.cz\/de\/wp-json\/wp\/v2\/pages\/19887\/revisions\/19889"}],"wp:attachment":[{"href":"https:\/\/frajt.cz\/de\/wp-json\/wp\/v2\/media?parent=19887"}],"curies":[{"name":"wp","href":"https:\/\/api.w.org\/{rel}","templated":true}]}}