{"id":19903,"date":"2023-05-25T22:47:08","date_gmt":"2023-05-25T20:47:08","guid":{"rendered":"https:\/\/frajt.cz\/zabradli\/"},"modified":"2024-01-31T01:05:58","modified_gmt":"2024-01-31T00:05:58","slug":"gelaender","status":"publish","type":"page","link":"https:\/\/frajt.cz\/de\/gelaender\/","title":{"rendered":"Gel\u00e4nder"},"content":{"rendered":"<p>[vc_row][vc_column offset=&#8221;vc_hidden-md vc_hidden-sm vc_hidden-xs&#8221;][vc_empty_space height=&#8221;100px&#8221;][\/vc_column][\/vc_row][vc_row][vc_column width=&#8221;1\/4&#8243;]\t\t<div class=\"ts-heading heading-1 style-default text-default\">\r\n\t\t\t<h1 class=\"heading\">Innenbereichsgel\u00e4nder<\/h1>\r\n\t\t<\/div>\r\n\t\t[vc_column_text]Glastreppengel\u00e4nder sind ein modernes und stilvolles Element, das dem Innenbereich Eleganz und optische Leichtigkeit verleiht. Das Material Glas bietet einen einzigartigen transparenten Effekt und ist lichtdurchl\u00e4ssig, wodurch ein frisches und gro\u00dfz\u00fcgiges Aussehen entsteht. Glasgel\u00e4nder werden aus starkem und haltbarem Sicherheitsglas hergestellt, das strenge Sicherheitsstandards erf\u00fcllt.<\/p>\n<p>Die Glastreppengel\u00e4nder sind so konzipiert, dass sie beim Hinaufgehen der Treppe stabilen Halt bieten und gleichzeitig einen ungehinderten Blick in den Raum erm\u00f6glichen. Ihr minimalistisches Design und ihre klaren Linien lassen sich leicht mit einer Vielzahl von Einrichtungsstilen kombinieren, von modern bis klassisch. Das Glas kann transparent, mattiert oder mit verschiedenen Mustern und Texturen verziert sein, so dass das Gel\u00e4nder an individuelle Vorlieben und \u00e4sthetische Anforderungen angepasst werden kann.[\/vc_column_text][vc_empty_space height=&#8221;100px&#8221;][\/vc_column][vc_column width=&#8221;3\/4&#8243;][vc_single_image image=&#8221;17370&#8243; img_size=&#8221;full&#8221;][vc_empty_space height=&#8221;100px&#8221;][\/vc_column][\/vc_row][vc_row][vc_column width=&#8221;1\/4&#8243;]\t\t<div class=\"ts-heading heading-1 style-default text-default\">\r\n\t\t\t<h1 class=\"heading\">Au\u00dfenbereichsgel\u00e4nder<\/h1>\r\n\t\t<\/div>\r\n\t\t[vc_column_text]Ein wichtiger Faktor bei Glastreppengel\u00e4ndern ist die Sicherheit. Das verwendete Sicherheitsglas ist \u00e4u\u00dferst bruchfest und zerf\u00e4llt bei einem Unfall in kleine, harmlose Bruchst\u00fccke, wodurch das Verletzungsrisiko minimiert wird. Auch die Handl\u00e4ufe sind fest und zuverl\u00e4ssig verankert, um Stabilit\u00e4t und Sicherheit bei der Benutzung der Treppe zu gew\u00e4hrleisten.<\/p>\n<p>Unsere Glasgel\u00e4nder f\u00fcr den Au\u00dfenbereich sind aus hochwertigem Sicherheitsglas gefertigt, das sto\u00dffest und temperaturbest\u00e4ndig ist. Sie sind fest verankert und so konzipiert, dass sie extremen Wetterbedingungen standhalten. Das Glas ist leicht zu reinigen und UV-best\u00e4ndig.[\/vc_column_text][vc_empty_space height=&#8221;100px&#8221;][\/vc_column][vc_column width=&#8221;3\/4&#8243;][vc_single_image image=&#8221;17369&#8243; img_size=&#8221;full&#8221;][vc_empty_space height=&#8221;100px&#8221;][\/vc_column][\/vc_row][vc_row][vc_column offset=&#8221;vc_hidden-md vc_hidden-sm vc_hidden-xs&#8221;][vc_separator][vc_empty_space height=&#8221;100px&#8221;][\/vc_column][\/vc_row][vc_row][vc_column][vc_masonry_media_grid grid_id=&#8221;vc_gid:1706659489970-d8e2e8e1-acdd-4&#8243; include=&#8221;17370,17371,17369,17368,17367,17364,17363&#8243;][\/vc_column][\/vc_row]<\/p>\n","protected":false},"excerpt":{"rendered":"<p>[vc_row][vc_column offset=&#8221;vc_hidden-md vc_hidden-sm vc_hidden-xs&#8221;][vc_empty_space height=&#8221;100px&#8221;][\/vc_column][\/vc_row][vc_row][vc_column width=&#8221;1\/4&#8243;][vc_column_text]Glastreppengel\u00e4nder sind ein modernes und stilvolles Element, das dem Innenbereich Eleganz und optische Leichtigkeit verleiht. Das Material Glas bietet einen einzigartigen transparenten Effekt und ist lichtdurchl\u00e4ssig, wodurch ein frisches und gro\u00dfz\u00fcgiges Aussehen entsteht. Glasgel\u00e4nder werden aus starkem und haltbarem Sicherheitsglas hergestellt, das strenge Sicherheitsstandards erf\u00fcllt. Die Glastreppengel\u00e4nder sind so konzipiert, [&hellip;]<\/p>\n","protected":false},"author":1,"featured_media":0,"parent":0,"menu_order":0,"comment_status":"closed","ping_status":"closed","template":"","meta":{"footnotes":""},"_links":{"self":[{"href":"https:\/\/frajt.cz\/de\/wp-json\/wp\/v2\/pages\/19903"}],"collection":[{"href":"https:\/\/frajt.cz\/de\/wp-json\/wp\/v2\/pages"}],"about":[{"href":"https:\/\/frajt.cz\/de\/wp-json\/wp\/v2\/types\/page"}],"author":[{"embeddable":true,"href":"https:\/\/frajt.cz\/de\/wp-json\/wp\/v2\/users\/1"}],"replies":[{"embeddable":true,"href":"https:\/\/frajt.cz\/de\/wp-json\/wp\/v2\/comments?post=19903"}],"version-history":[{"count":2,"href":"https:\/\/frajt.cz\/de\/wp-json\/wp\/v2\/pages\/19903\/revisions"}],"predecessor-version":[{"id":19905,"href":"https:\/\/frajt.cz\/de\/wp-json\/wp\/v2\/pages\/19903\/revisions\/19905"}],"wp:attachment":[{"href":"https:\/\/frajt.cz\/de\/wp-json\/wp\/v2\/media?parent=19903"}],"curies":[{"name":"wp","href":"https:\/\/api.w.org\/{rel}","templated":true}]}}