{"id":19907,"date":"2023-02-28T23:05:12","date_gmt":"2023-02-28T22:05:12","guid":{"rendered":"https:\/\/frajt.cz\/sluzby\/"},"modified":"2024-01-31T01:14:11","modified_gmt":"2024-01-31T00:14:11","slug":"services","status":"publish","type":"page","link":"https:\/\/frajt.cz\/de\/services\/","title":{"rendered":"Services"},"content":{"rendered":"<p>[vc_row][vc_column offset=&#8221;vc_hidden-sm vc_hidden-xs&#8221;][vc_empty_space height=&#8221;100px&#8221;][\/vc_column][\/vc_row][vc_row][vc_column][\/vc_column][\/vc_row][vc_row el_id=&#8221;projekty&#8221;][vc_column width=&#8221;1\/2&#8243;][vc_single_image image=&#8221;17548&#8243; img_size=&#8221;full&#8221;][\/vc_column][vc_column width=&#8221;1\/2&#8243;][vc_empty_space height=&#8221;100px&#8221;]\t\t<div class=\"ts-heading heading-1 style-default text-default\">\r\n\t\t\t<h1 class=\"heading\">SCHL\u00dcSSELFERTIGE PROJEKTE<\/h1>\r\n\t\t<\/div>\r\n\t\t[vc_empty_space height=&#8221;50px&#8221;][vc_column_text]Unser Unternehmen hat sich auf die Realisierung schl\u00fcsselfertiger Projekte spezialisiert, die ein breites Spektrum an Glasproduktion und -verarbeitung, Schreinereielementen und Schreinereiprodukten umfassen. Dank unserer Kompetenzen und unseres Fachwissens sind wir in der Lage, effizient auf verschiedene individuelle Anforderungen in Bezug auf Innen- und Au\u00dfenelemente oder kleine Geb\u00e4ude zu reagieren[\/vc_column_text][vc_row_inner][vc_column_inner][vc_column_text css=&#8221;.vc_custom_1706659841741{margin-bottom: 0px !important;}&#8221;]<\/p>\n<h3>Projektvorschlag<\/h3>\n<p>Wir werden Ihre Anforderungen und Ideen sorgf\u00e4ltig pr\u00fcfen, um Ihre Bed\u00fcrfnisse und Ziele zu verstehen. Gemeinsam besprechen wir alle Details und schlagen eine geeignete L\u00f6sung vor.[\/vc_column_text][vc_empty_space height=&#8221;50px&#8221;][vc_column_text css=&#8221;.vc_custom_1706659826767{margin-bottom: 0px !important;}&#8221;]<\/p>\n<h3>L\u00f6sungen und Designkonzepte<\/h3>\n<p>Auf der Grundlage der Informationen und Anforderungen erstellen wir einen individuellen Projektentwurf. Unsere Designteams erstellen komplette Visualisierungen und technische Pl\u00e4ne mit dem Fokus auf Funktionalit\u00e4t, \u00c4sthetik und Harmonie mit Ihrer Umgebung.[\/vc_column_text][vc_empty_space height=&#8221;50px&#8221;][\/vc_column_inner][\/vc_row_inner][vc_row_inner][vc_column_inner][vc_column_text css=&#8221;.vc_custom_1706659868073{margin-bottom: 0px !important;}&#8221;]<\/p>\n<h3>Der Produktionsprozess<\/h3>\n<p>Sobald der Entwurf genehmigt ist, beginnen wir mit der Produktion. Durch den Einsatz modernster Technologie und die Zusammenarbeit mit erfahrenen Handwerkern und Spezialisten wird jedes Produkt mit viel Liebe zum Detail hergestellt.[\/vc_column_text][vc_empty_space height=&#8221;50px&#8221;][vc_column_text css=&#8221;.vc_custom_1706659892339{margin-bottom: 0px !important;}&#8221;]<\/p>\n<h3>Der Produktionsprozess<\/h3>\n<p>Sobald der Entwurf genehmigt ist, beginnen wir mit der Produktion. Unter Einsatz modernster Technologie und in Zusammenarbeit mit erfahrenen Handwerkern und Experten wird jedes Produkt mit viel Liebe zum Detail hergestellt.[\/vc_column_text][vc_empty_space height=&#8221;50px&#8221;][\/vc_column_inner][\/vc_row_inner][\/vc_column][\/vc_row][vc_row el_id=&#8221;konzultace&#8221;][vc_column width=&#8221;1\/2&#8243;][vc_empty_space height=&#8221;100px&#8221;]\t\t<div class=\"ts-heading heading-1 style-default text-default\">\r\n\t\t\t<h1 class=\"heading\">BERATUNG UND VORSCHL\u00c4GE<\/h1>\r\n\t\t<\/div>\r\n\t\t[vc_empty_space height=&#8221;50px&#8221;][vc_column_text]Wir bieten Beratungen und Vorschl\u00e4ge zur Eignung von Materialien f\u00fcr verschiedene Raum- und Preisparameter. Unser Ziel ist es, die f\u00fcr den jeweiligen Raum und das Budget am besten geeignete Materialauswahl zu empfehlen.<\/p>\n<p>Zu unseren Dienstleistungen geh\u00f6rt auch die Beratung bei der Gestaltung von Wellness-\/Fitnessanlagen und anderen Sport- und Freizeiteinrichtungen. Angesichts der Besonderheiten dieser R\u00e4ume bieten wir fachkundige Beratung und Vorschl\u00e4ge, die ihre Effizienz und Funktionalit\u00e4t maximieren.<\/p>\n<p>F\u00fcr Fassaden- und Innenverkleidungen bieten wir Ausf\u00fchrungsvorschl\u00e4ge, einschlie\u00dflich Verlegepl\u00e4nen und Unterst\u00fctzung bei der Materialauswahl. Unsere Entw\u00fcrfe sind stets koh\u00e4rent und harmonisch mit dem Gesamtdesign und der \u00c4sthetik des Raums.<\/p>\n<p>Im Rahmen der Zusammenarbeit haben Sie die M\u00f6glichkeit, sich von unserem hauseigenen Grafikdesigner beraten zu lassen. Sein Fachwissen wird Ihnen bei der Entscheidung \u00fcber die Verwendung von Materialien, Farben und Themen helfen. Auf diese Weise wird sichergestellt, dass jedes Detail sorgf\u00e4ltig bedacht und so platziert wird, dass es das Gesamtbild Ihres Raumes unterst\u00fctzt.[\/vc_column_text][\/vc_column][vc_column width=&#8221;1\/2&#8243;][vc_single_image image=&#8221;17554&#8243; img_size=&#8221;full&#8221;][\/vc_column][\/vc_row][vc_row el_class=&#8221;montaz&#8221; el_id=&#8221;montaz&#8221;][vc_column width=&#8221;1\/2&#8243;][vc_single_image image=&#8221;17560&#8243; img_size=&#8221;full&#8221;][\/vc_column][vc_column width=&#8221;1\/2&#8243;][vc_empty_space height=&#8221;100px&#8221;]\t\t<div class=\"ts-heading heading-1 style-default text-default\">\r\n\t\t\t<h1 class=\"heading\">MONTAGE UND INSTALLATION<\/h1>\r\n\t\t<\/div>\r\n\t\t[vc_column_text]Unser Unternehmen verf\u00fcgt \u00fcber vier Montageteams, die sich sowohl aus internen als auch aus externen Gruppen zusammensetzen und auf die Durchf\u00fchrung von Montagen im ganzen Land spezialisiert sind. Durch den Einsatz unseres eigenen Fuhrparks und die Bereitstellung eigener Transportmittel erreichen wir ein hohes Ma\u00df an Flexibilit\u00e4t und Zuverl\u00e4ssigkeit.<\/p>\n<p>Die Montage und Installation unserer Ger\u00e4te erfolgt professionell durch unsere geschulten und erfahrenen Monteure. Unser Team konzentriert sich nicht nur auf die pr\u00e4zise Ausf\u00fchrung der Arbeiten, sondern legt auch Wert auf eine gr\u00fcndliche Qualit\u00e4tskontrolle, damit ein hoher Standard erreicht und gehalten wird.<\/p>\n<h3>Fortschritt der Arbeiten<\/h3>\n<p>Vermessung &#8211; Mit Hilfe von Lasertechnik ermitteln wir die genauen Abmessungen des Raums, um einen funktionalen Montageplan zu erstellen.<br \/>\nFertigung &#8211; Sobald der Montageplan erstellt ist, machen wir uns an die eigentliche Fertigung, wobei wir gro\u00dfen Wert auf Qualit\u00e4t und die Einhaltung unserer hohen Standards legen.<br \/>\nQualit\u00e4tskontrolle &#8211; Wir pr\u00fcfen jedes Produkt sorgf\u00e4ltig, um sicherzustellen, dass es unseren strengen Standards und den Erwartungen unserer Kunden entspricht. Gr\u00fcndliche Qualit\u00e4tskontrolle hat f\u00fcr uns Priorit\u00e4t.<br \/>\nTransport und Montage &#8211; Mit unserem eigenen Fuhrpark und erfahrenen Monteuren sorgen wir f\u00fcr einen sicheren Transport und eine professionelle Montage vor Ort. Dank unserer langj\u00e4hrigen Erfahrung k\u00f6nnen wir die Installation schnell und effizient durchf\u00fchren.<\/p>\n<p>W\u00e4hrend der Installation legen wir Wert auf eine effektive und regelm\u00e4\u00dfige Kommunikation und Zusammenarbeit mit unseren Kunden, um sicherzustellen, dass ihre Anforderungen in vollem Umfang ber\u00fccksichtigt werden. Gleichzeitig sorgen wir f\u00fcr Zugangswege und gew\u00e4hrleisten die Zug\u00e4nglichkeit zur Durchf\u00fchrung der Installationsarbeiten. Nicht zuletzt arbeiten wir mit den anderen am Projekt beteiligten Unternehmen zusammen und koordinieren die Arbeiten, um einen reibungslosen und synergetischen Ablauf des Projekts zu gew\u00e4hrleisten.[\/vc_column_text][\/vc_column][\/vc_row][vc_row el_id=&#8221;servis&#8221;][vc_column width=&#8221;1\/2&#8243;][vc_empty_space height=&#8221;100px&#8221;]\t\t<div class=\"ts-heading heading-1 style-default text-default\">\r\n\t\t\t<h1 class=\"heading\">SERVICE UND WARTUNG<\/h1>\r\n\t\t<\/div>\r\n\t\t[vc_column_text]Frajt verf\u00fcgt \u00fcber ein eigenes Team von Fachleuten, die auf ihrem Gebiet Experten sind und deren Hauptaufgabe darin besteht, unsere Produkte mit \u00e4u\u00dferster Sorgfalt und Pr\u00e4zision zu warten und zu pflegen. Zuverl\u00e4ssigkeit, perfekte Verarbeitung und exzellente Kundenbetreuung stehen f\u00fcr uns an erster Stelle.<\/p>\n<p>Um die optimale Funktionalit\u00e4t und Langlebigkeit unserer Produkte zu gew\u00e4hrleisten, bieten wir als integralen Bestandteil unseres Service regelm\u00e4\u00dfige Wartungs- und Instandhaltungsarbeiten an. Unsere Techniker f\u00fchren gr\u00fcndliche Wartungsinspektionen durch und nehmen die erforderlichen Einstellungen vor, damit Ihre Ger\u00e4te einwandfrei funktionieren. Wir sind stolz darauf, dass wir in der Lage sind, die Erwartungen unserer Kunden zu \u00fcbertreffen und ihnen einen umfassenden Service zu bieten, der ihre Zufriedenheit und ihr Vertrauen in unser Unternehmen gew\u00e4hrleistet.[\/vc_column_text][\/vc_column][vc_column width=&#8221;1\/2&#8243;][vc_single_image image=&#8221;17563&#8243; img_size=&#8221;full&#8221;][\/vc_column][\/vc_row][vc_row][vc_column][vc_empty_space height=&#8221;100px&#8221;][\/vc_column][\/vc_row]<\/p>\n","protected":false},"excerpt":{"rendered":"<p>[vc_row][vc_column offset=&#8221;vc_hidden-sm vc_hidden-xs&#8221;][vc_empty_space height=&#8221;100px&#8221;][\/vc_column][\/vc_row][vc_row][vc_column][\/vc_column][\/vc_row][vc_row el_id=&#8221;projekty&#8221;][vc_column width=&#8221;1\/2&#8243;][vc_single_image image=&#8221;17548&#8243; img_size=&#8221;full&#8221;][\/vc_column][vc_column width=&#8221;1\/2&#8243;][vc_empty_space height=&#8221;100px&#8221;][vc_empty_space height=&#8221;50px&#8221;][vc_column_text]Unser Unternehmen hat sich auf die Realisierung schl\u00fcsselfertiger Projekte spezialisiert, die ein breites Spektrum an Glasproduktion und -verarbeitung, Schreinereielementen und Schreinereiprodukten umfassen. Dank unserer Kompetenzen und unseres Fachwissens sind wir in der Lage, effizient auf verschiedene individuelle Anforderungen in Bezug auf Innen- und Au\u00dfenelemente oder [&hellip;]<\/p>\n","protected":false},"author":1,"featured_media":0,"parent":0,"menu_order":0,"comment_status":"closed","ping_status":"closed","template":"","meta":{"footnotes":""},"_links":{"self":[{"href":"https:\/\/frajt.cz\/de\/wp-json\/wp\/v2\/pages\/19907"}],"collection":[{"href":"https:\/\/frajt.cz\/de\/wp-json\/wp\/v2\/pages"}],"about":[{"href":"https:\/\/frajt.cz\/de\/wp-json\/wp\/v2\/types\/page"}],"author":[{"embeddable":true,"href":"https:\/\/frajt.cz\/de\/wp-json\/wp\/v2\/users\/1"}],"replies":[{"embeddable":true,"href":"https:\/\/frajt.cz\/de\/wp-json\/wp\/v2\/comments?post=19907"}],"version-history":[{"count":2,"href":"https:\/\/frajt.cz\/de\/wp-json\/wp\/v2\/pages\/19907\/revisions"}],"predecessor-version":[{"id":19909,"href":"https:\/\/frajt.cz\/de\/wp-json\/wp\/v2\/pages\/19907\/revisions\/19909"}],"wp:attachment":[{"href":"https:\/\/frajt.cz\/de\/wp-json\/wp\/v2\/media?parent=19907"}],"curies":[{"name":"wp","href":"https:\/\/api.w.org\/{rel}","templated":true}]}}