{"id":20297,"date":"2023-01-19T18:20:16","date_gmt":"2023-01-19T17:20:16","guid":{"rendered":"https:\/\/frajt.cz\/?post_type=product&#038;p=20297"},"modified":"2024-03-27T11:35:32","modified_gmt":"2024-03-27T10:35:32","slug":"kleiderschrank-z-shape-lite-hpl-a104","status":"publish","type":"product","link":"https:\/\/frajt.cz\/de\/produkt\/kleiderschrank-z-shape-lite-hpl-a104\/","title":{"rendered":"Kleiderschrank Z-shape Lite HPL A104"},"content":{"rendered":"<p>[vc_row][vc_column width=&#8221;1\/2&#8243;][vc_column_text]Die Ma\u00dfe des Kleiderschranks\u00a0 \u201eZ\u201c A 104\/40 betragen in der Standardausf\u00fchrung: Breite 40 cm, Tiefe 50 cm, H\u00f6he 180 cm, H\u00f6he des AL Untergestells 20cm (Gesamth\u00f6he der Baugruppe 200 cm). Der Stauraum hat im erweiterten Teil eine H\u00f6he von 45 cm und im verengten Teil 88,4 cm. Der Schrank besteht aus HPL (kompakte Laminatplatten) mit einer St\u00e4rke von 4 und 8 mm (Korpus), 8 mm (T\u00fcr). Wir legen die Bretter in Aluminiumprofile ein. HPL ist ein \u00e4u\u00dferst widerstandsf\u00e4higes Material gegen Wasser, Chemikalien und mechanische Besch\u00e4digungen, das f\u00fcr stark beanspruchte und frequentierte R\u00e4ume verwendet wird. Die T\u00fcr ist mit einem durchgehenden Scharniersystem ausgestattet, das die Sicherheit des Schrankes erh\u00f6ht und ein ungewolltes Eindringen in den Schrank erschwert. Standarde Farbdesign: wei\u00dfer Korpus, T\u00fcr zur Auswahl aus einer Palette von Unifarben, Aluminiumelemente mit eloxierter Oberfl\u00e4chenbehandlung. Der Schrank ist ausgestattet mit: T\u00fcrnummer, Deckenhaken. Das Schloss ist nach Wahl des Anlegers ein gesonderter Liefergegenstand: mechanisch, PIN oder elektronisch. Die Schr\u00e4nke werden nur in einer Breite von 40 cm geliefert, Teilanpassungen sind jedoch auf Anfrage m\u00f6glich.[\/vc_column_text][\/vc_column][vc_column width=&#8221;1\/2&#8243;][vc_tta_accordion][vc_tta_section title=&#8221;Individuelle Anpassungen &#8221; tab_id=&#8221;1674147891462-1b8df229-bc36&#8243;][vc_column_text]Das Design des Schrankes kann auf Wunsch ge\u00e4ndert werden.[\/vc_column_text][\/vc_tta_section][vc_tta_section title=&#8221;Typisierte Module&#8221; tab_id=&#8221;1674147891473-0e4d2220-6f06&#8243;][vc_column_text]Wir versenden Waren in standardisierten Modulen mit 4 Lagerpl\u00e4tzen. Die Module sind je nach Bedarf erweiterbar mit einem sechsstelligen Modul.[\/vc_column_text][\/vc_tta_section][vc_tta_section title=&#8221;Abmessungen und Gewicht&#8221; tab_id=&#8221;1674147951503-a65fc6e1-6df2&#8243;][vc_column_text]Abmessungen und Gewicht typisierter Module 104\/40: 4 Pl\u00e4tze: 800\/1800\/500mm, Gewicht: 65 kg,<\/p>\n<p>6 Pl\u00e4tze: 1200\/1800\/500, Gewicht75 kg<\/p>\n<p>Die Untergestellen sind separat verpackt.[\/vc_column_text][\/vc_tta_section][vc_tta_section title=&#8221;Transportverpackung&#8221; tab_id=&#8221;1674147969020-f4dcfcfa-9c00&#8243;][vc_column_text]Der Transport erfolgt standardm\u00e4\u00dfig nicht auf Paletten.[\/vc_column_text][\/vc_tta_section][\/vc_tta_accordion][\/vc_column][\/vc_row][vc_row][vc_column][vc_masonry_media_grid grid_id=&#8221;vc_gid:1711535650642-21007ff6-8cd0-2&#8243; include=&#8221;16622,16621,16620,16619,16613,16614,16615,16616,16617,16618&#8243;][\/vc_column][\/vc_row]<\/p>\n","protected":false},"excerpt":{"rendered":"<p>Attraktives Erscheinungsbild und ein Kompromiss f\u00fcr Campusgel\u00e4nde mit hohem Besucherandrang und wenig Platz f\u00fcr Umkleidekabinen. Der Vorteil gegen\u00fcber Typ A102 ist ein gr\u00f6\u00dferer Platz zum Aufh\u00e4ngen von M\u00e4nteln. Besch\u00e4digungsbest\u00e4ndiger Schrank, die aus extrem langlebigen HPL\u00a0 und Aluminiumelementen hergestellt ist.<\/p>\n","protected":false},"featured_media":19420,"template":"","meta":[],"product_cat":[171,170],"product_tag":[],"_links":{"self":[{"href":"https:\/\/frajt.cz\/de\/wp-json\/wp\/v2\/product\/20297"}],"collection":[{"href":"https:\/\/frajt.cz\/de\/wp-json\/wp\/v2\/product"}],"about":[{"href":"https:\/\/frajt.cz\/de\/wp-json\/wp\/v2\/types\/product"}],"wp:featuredmedia":[{"embeddable":true,"href":"https:\/\/frajt.cz\/de\/wp-json\/wp\/v2\/media\/19420"}],"wp:attachment":[{"href":"https:\/\/frajt.cz\/de\/wp-json\/wp\/v2\/media?parent=20297"}],"wp:term":[{"taxonomy":"product_cat","embeddable":true,"href":"https:\/\/frajt.cz\/de\/wp-json\/wp\/v2\/product_cat?post=20297"},{"taxonomy":"product_tag","embeddable":true,"href":"https:\/\/frajt.cz\/de\/wp-json\/wp\/v2\/product_tag?post=20297"}],"curies":[{"name":"wp","href":"https:\/\/api.w.org\/{rel}","templated":true}]}}