{"id":20389,"date":"2023-04-10T22:55:28","date_gmt":"2023-04-10T20:55:28","guid":{"rendered":"https:\/\/frajt.cz\/product\/satni-skrinka-single-comfort-lamino-l201\/"},"modified":"2024-04-25T20:18:53","modified_gmt":"2024-04-25T18:18:53","slug":"kleiderschrank-lami-single-comfort-l201","status":"publish","type":"product","link":"https:\/\/frajt.cz\/de\/produkt\/kleiderschrank-lami-single-comfort-l201\/","title":{"rendered":"Kleiderschrank Lami Single Comfort L201"},"content":{"rendered":"<p>[vc_row][vc_column width=&#8221;1\/2&#8243;][vc_column_text]Der Schrank besteht aus laminierter Spanplatte (LTD). Der Korpus des Schranks besteht aus LTD aus einer 18 mm dicken Platte, Farbe grau und ist mit ABS Kanten ausgestattet. Der hintere Teil des K\u00f6rpers besteht aus einer Sololak Platte mit einer Dicke von 3mm, von der Innenseite des Schrankes wei\u00df lackiert. Die T\u00fcren bestehen aus 18 mm dicken LTD und sind mit 2 mm dicken ABS Kanten ausgestattet.\u00a0 Farbe nach Wahl aus dem Farbmuster. Scharniere immer 3 St\u00fcck pro T\u00fcr.<\/p>\n<p><strong><u>Schrankausstattung:<\/u><\/strong><\/p>\n<p>oberes Regal, Kleiderstange<\/p>\n<p>[\/vc_column_text][\/vc_column][vc_column width=&#8221;1\/2&#8243;][vc_tta_accordion][vc_tta_section title=&#8221;Individuelle Anpassungen&#8221; tab_id=&#8221;1674147891462-1b8df229-bc36&#8243;][vc_column_text]<\/p>\n<ul>\n<li>L\u00f6sungen f\u00fcr die Installation von Schl\u00f6ssern \u2013 elektronische, Pin Code, mechanische und Pfandschl\u00f6sser<\/li>\n<li>Sonderma\u00dfe \u2013 individuelle Ma\u00dfanfertigung<\/li>\n<li>Korpusfarben Standard Wei\u00df \u2013 Aufpreis f\u00fcr anderen Farben<\/li>\n<li>unteres Regal<\/li>\n<li>Abdeckung des AL Untergestells mit einer HPL Platte<\/li>\n<li>Aluminiumsockel mit rektifizierten Beinen \u00b1 15 mm<\/li>\n<li><\/li>\n<\/ul>\n<p>[\/vc_column_text][\/vc_tta_section][vc_tta_section title=&#8221;Typisierte Module&#8221; tab_id=&#8221;1674147891473-0e4d2220-6f06&#8243;][vc_column_text]L201\/30_3 \u2013 Dreifachmodul, 3 Garderobenr\u00e4ume, Abmessung eines Schrankraumes 300 x1800x500 mm<\/p>\n<p>L201\/30_2 \u2013 Doppelmodul, 2 Garderobenr\u00e4ume<\/p>\n<p>L201\/40_3 \u2013\u00a0 Dreifachmodul, 3 Garderobenr\u00e4ume, Abmessung eines Schrankraumes\u00a0 400x1800x500mm<\/p>\n<p>L201\/40_2 \u2013\u00a0 Doppelmodul[\/vc_column_text][\/vc_tta_section][vc_tta_section title=&#8221;Abmessungen und Gewicht&#8221; tab_id=&#8221;1674147951503-a65fc6e1-6df2&#8243;][vc_column_text]<\/p>\n<table width=\"604\">\n<tbody>\n<tr>\n<td width=\"170\">L201\/30_3<\/td>\n<td width=\"233\">900\/1800\/500 mm + 200 mm sockel<\/td>\n<td width=\"201\">55 kg<\/td>\n<\/tr>\n<tr>\n<td width=\"170\">L201\/30_2<\/td>\n<td width=\"233\">\u00a0 600\/1800\/500 mm + 200 mm sockel<\/td>\n<td width=\"201\">40 kg<\/td>\n<\/tr>\n<tr>\n<td width=\"170\">L201\/40_3<\/td>\n<td width=\"233\">1200\/1800\/500 mm + 200 mm sockel<\/td>\n<td width=\"201\">60 kg<\/td>\n<\/tr>\n<tr>\n<td width=\"170\">L201\/40_2<\/td>\n<td width=\"233\">\u00a0 800\/1800\/500 mm+ 200mm sockel<\/td>\n<td width=\"201\">55 kg<\/td>\n<\/tr>\n<\/tbody>\n<\/table>\n<p>[\/vc_column_text][\/vc_tta_section][vc_tta_section title=&#8221;Transportverpackung&#8221; tab_id=&#8221;1674147969020-f4dcfcfa-9c00&#8243;][vc_column_text]Nicht auf Paletten verpackt. Transport zum Zielort m\u00f6glich.[\/vc_column_text][\/vc_tta_section][\/vc_tta_accordion][\/vc_column][\/vc_row][vc_row][vc_column][\/vc_column][\/vc_row]<\/p>\n","protected":false},"excerpt":{"rendered":"<p>Hochwertige Garderobe f\u00fcr Schul- und Mitarbeiterumkleider\u00e4ume. Lieferung in Modulen mit zwei oder drei Garderobenpl\u00e4tzen. Gro\u00dfe Auswahl an Farben und Holzdekoren. Material Laminatplatte, ABS Kanten. H\u00f6he 1800 mm. Entwickelt f\u00fcr trockene Bereiche.<\/p>\n","protected":false},"featured_media":19372,"template":"","meta":[],"product_cat":[171,170],"product_tag":[172],"_links":{"self":[{"href":"https:\/\/frajt.cz\/de\/wp-json\/wp\/v2\/product\/20389"}],"collection":[{"href":"https:\/\/frajt.cz\/de\/wp-json\/wp\/v2\/product"}],"about":[{"href":"https:\/\/frajt.cz\/de\/wp-json\/wp\/v2\/types\/product"}],"wp:featuredmedia":[{"embeddable":true,"href":"https:\/\/frajt.cz\/de\/wp-json\/wp\/v2\/media\/19372"}],"wp:attachment":[{"href":"https:\/\/frajt.cz\/de\/wp-json\/wp\/v2\/media?parent=20389"}],"wp:term":[{"taxonomy":"product_cat","embeddable":true,"href":"https:\/\/frajt.cz\/de\/wp-json\/wp\/v2\/product_cat?post=20389"},{"taxonomy":"product_tag","embeddable":true,"href":"https:\/\/frajt.cz\/de\/wp-json\/wp\/v2\/product_tag?post=20389"}],"curies":[{"name":"wp","href":"https:\/\/api.w.org\/{rel}","templated":true}]}}