{"id":20393,"date":"2023-04-10T23:03:28","date_gmt":"2023-04-10T21:03:28","guid":{"rendered":"https:\/\/frajt.cz\/product\/satni-skrinka-duo-lamino-l202\/"},"modified":"2024-04-25T20:24:47","modified_gmt":"2024-04-25T18:24:47","slug":"kleiderschrank-lami-duo-l202","status":"publish","type":"product","link":"https:\/\/frajt.cz\/de\/produkt\/kleiderschrank-lami-duo-l202\/","title":{"rendered":"Kleiderschrank Lami Duo L202"},"content":{"rendered":"<p>[vc_row][vc_column width=&#8221;1\/2&#8243;][vc_column_text]Der Schrank besteht aus laminierter Spanplatte (LTD). Der Korpus des Schranks besteht aus LTD aus einer 18 mm dicken Platte, Farbe grau und ist mit ABS Kanten ausgestattet. Der hintere Teil des K\u00f6rpers besteht aus einer Sololak Platte mit einer Dicke von 3 mm, von der Innenseite des Schrankes wei\u00df lackiert. Die T\u00fcren bestehen aus 18 mm dicken LTD und sind mit 2 mm dicken ABS Kanten ausgestattet.\u00a0 Farbe nach Wahl aus dem Farbmuster. Scharniere immer 2 St\u00fcck pro T\u00fcr.<\/p>\n<p><strong><u>Schrankausstattung:<\/u><\/strong><\/p>\n<p>Seitenhaken 2 Stk[\/vc_column_text][\/vc_column][vc_column width=&#8221;1\/2&#8243;][vc_tta_accordion][vc_tta_section title=&#8221;Individuelle Anpassungen&#8221; tab_id=&#8221;1674147891462-1b8df229-bc36&#8243;][vc_column_text]<\/p>\n<ul>\n<li>L\u00f6sungen f\u00fcr die Installation von Schl\u00f6ssern \u2013 elektronische, Pin Code, mechanische und Pfandschl\u00f6sser<\/li>\n<li>Sonderma\u00dfe \u2013 individuelle Ma\u00dfanfertigung<\/li>\n<li>Korpusfarben Standard Wei\u00df \u2013 Aufpreis f\u00fcr anderen Farben<\/li>\n<li>unteres Regal<\/li>\n<li>Abdeckung des AL Untergestells mit einer HPL Platte<\/li>\n<li>Aluminiumsockel mit rektifizierten Beinen \u00b1 15 mm<\/li>\n<\/ul>\n<p>[\/vc_column_text][\/vc_tta_section][vc_tta_section title=&#8221;Typisierte Module&#8221; tab_id=&#8221;1674147891473-0e4d2220-6f06&#8243;][vc_column_text]L202\/30_3 Dreifachmodul, 6 Garderobenr\u00e4ume, Abmessung eines Schrankraumes 300x900x500mm<\/p>\n<p>L202\/30_2 Doppelmodul, 4 Garderobenr\u00e4ume<\/p>\n<p>L202\/40_3 Dreifachmodul, Garderobenr\u00e4ume, Abmessung eines Schrankraumes 400x900x500mm<\/p>\n<p>L202\/40_2 Doppelmodul, 4 Garderobenr\u00e4ume[\/vc_column_text][\/vc_tta_section][vc_tta_section title=&#8221;Abmessungen und Gewicht&#8221; tab_id=&#8221;1674147951503-a65fc6e1-6df2&#8243;][vc_column_text]<\/p>\n<table width=\"604\">\n<tbody>\n<tr>\n<td width=\"170\">L202\/30_3<\/td>\n<td width=\"233\">900\/1800\/500 mm + 200 mm sockel<\/td>\n<td width=\"201\">57 kg<\/td>\n<\/tr>\n<tr>\n<td width=\"170\">L202\/30_2<\/td>\n<td width=\"233\">\u00a0 600\/1800\/500 mm + 200 mm sockel<\/td>\n<td width=\"201\">42 kg<\/td>\n<\/tr>\n<tr>\n<td width=\"170\">L202\/40_3<\/td>\n<td width=\"233\">1200\/1800\/500 mm + 200 mm sockel<\/td>\n<td width=\"201\">62 kg<\/td>\n<\/tr>\n<tr>\n<td width=\"170\">L202\/40_2<\/td>\n<td width=\"233\">\u00a0 800\/1800\/500 mm+ 200mm sockel<\/td>\n<td width=\"201\">57 kg<\/td>\n<\/tr>\n<\/tbody>\n<\/table>\n<p>[\/vc_column_text][\/vc_tta_section][vc_tta_section title=&#8221;Transportverpackung&#8221; tab_id=&#8221;1674147969020-f4dcfcfa-9c00&#8243;][vc_column_text]Nicht auf Paletten verpackt. Transport zum Zielort m\u00f6glich.[\/vc_column_text][\/vc_tta_section][\/vc_tta_accordion][\/vc_column][\/vc_row][vc_row][vc_column][vc_masonry_media_grid element_width=&#8221;6&#8243; grid_id=&#8221;vc_gid:1714069382050-8d06cef0-8c2c-1&#8243; include=&#8221;16611,16610&#8243;][\/vc_column][\/vc_row]<\/p>\n","protected":false},"excerpt":{"rendered":"<p>Hochwertiger Spind f\u00fcr Schulsport-Fitness-Umkleider\u00e4ume. Lieferung in Modulen mit vier oder sechs Garderobenpl\u00e4tzen. Gro\u00dfe Auswahl an Farben und Holzdekoren. Material Laminatplatte, ABS Kanten. H\u00f6he 1800 mm. Entwickelt f\u00fcr trockene Bereiche.<\/p>\n","protected":false},"featured_media":19450,"template":"","meta":[],"product_cat":[171,170],"product_tag":[],"_links":{"self":[{"href":"https:\/\/frajt.cz\/de\/wp-json\/wp\/v2\/product\/20393"}],"collection":[{"href":"https:\/\/frajt.cz\/de\/wp-json\/wp\/v2\/product"}],"about":[{"href":"https:\/\/frajt.cz\/de\/wp-json\/wp\/v2\/types\/product"}],"wp:featuredmedia":[{"embeddable":true,"href":"https:\/\/frajt.cz\/de\/wp-json\/wp\/v2\/media\/19450"}],"wp:attachment":[{"href":"https:\/\/frajt.cz\/de\/wp-json\/wp\/v2\/media?parent=20393"}],"wp:term":[{"taxonomy":"product_cat","embeddable":true,"href":"https:\/\/frajt.cz\/de\/wp-json\/wp\/v2\/product_cat?post=20393"},{"taxonomy":"product_tag","embeddable":true,"href":"https:\/\/frajt.cz\/de\/wp-json\/wp\/v2\/product_tag?post=20393"}],"curies":[{"name":"wp","href":"https:\/\/api.w.org\/{rel}","templated":true}]}}