{"id":20423,"date":"2023-09-05T20:51:13","date_gmt":"2023-09-05T18:51:13","guid":{"rendered":"https:\/\/frajt.cz\/product\/lavicka-bench-multi-s-hacky-b503\/"},"modified":"2024-04-25T21:26:29","modified_gmt":"2024-04-25T19:26:29","slug":"sitzbank-bench-multi-mit-haken-b503","status":"publish","type":"product","link":"https:\/\/frajt.cz\/de\/produkt\/sitzbank-bench-multi-mit-haken-b503\/","title":{"rendered":"Sitzbank Bench Multi mit Haken B503"},"content":{"rendered":"<p>[vc_row][vc_column width=&#8221;1\/2&#8243;][vc_column_text]Die B503 Bank hat die Grundform der B501 Bank, die durch eine R\u00fcckenlehne und einen Kleiderb\u00fcgel erg\u00e4nzt wird. Eine ideale L\u00f6sung f\u00fcr Umkleidekabinen von Fitnessstudios und Umkleidekabinen von Sportstadien.<\/p>\n<p>Die tragenden Elemente der B\u00e4nke bestehen aus eloxiertem Aluminium. Sitzfl\u00e4che und R\u00fcckenlehne der Bank bestehen aus einer Kombination aus einem Aluminiumprofil und eingelegtem HPL, was eine gro\u00dfe Farbauswahl bietet. Dadurch k\u00f6nnen sich die B\u00e4nke an die Farbl\u00f6sung jedes Umkleideraums anpassen<\/p>\n<p><strong>Es empfiehlt sich, B\u00e4nke mit Kleiderb\u00fcgel und oberen Regal an der Wand zu verankern oder bei einer Insell\u00f6sung miteinander zu verbinden<\/strong>.[\/vc_column_text][\/vc_column][vc_column width=&#8221;1\/2&#8243;][vc_tta_accordion][vc_tta_section title=&#8221;Individuelle Anpassungen&#8221; tab_id=&#8221;1674147891462-1b8df229-bc36&#8243;][vc_column_text]Farbvariationen[\/vc_column_text][\/vc_tta_section][vc_tta_section title=&#8221;Typisierte Module&#8221; tab_id=&#8221;1674147891473-0e4d2220-6f06&#8243;][vc_column_text]Grundlegende Standardfarben \u2013 FUNDERMAX 0741 FH, 0085 FH, 0011 FH, 0077 FH, 0717 FH[\/vc_column_text][\/vc_tta_section][vc_tta_section title=&#8221;Abmessungen und Gewicht&#8221; tab_id=&#8221;1674147951503-a65fc6e1-6df2&#8243;][vc_column_text]<\/p>\n<table width=\"680\">\n<tbody>\n<tr>\n<td width=\"227\">Numer<\/td>\n<td width=\"227\">Abmessungen L\/B\/H<\/td>\n<td width=\"227\">Gewich<\/td>\n<\/tr>\n<tr>\n<td width=\"227\">B503\/60<\/td>\n<td width=\"227\">600\/400\/1850 mm<\/td>\n<td width=\"227\">8,0 kg<\/td>\n<\/tr>\n<tr>\n<td width=\"227\">B503\/70<\/td>\n<td width=\"227\">700\/400\/1850 mm<\/td>\n<td width=\"227\">8,5 kg<\/td>\n<\/tr>\n<tr>\n<td width=\"227\">B503\/80<\/td>\n<td width=\"227\">800\/400\/1850 mm<\/td>\n<td width=\"227\">9,0 kg<\/td>\n<\/tr>\n<tr>\n<td width=\"227\">B503\/90<\/td>\n<td width=\"227\">900\/400\/1850 mm<\/td>\n<td width=\"227\">9,5 kg<\/td>\n<\/tr>\n<tr>\n<td width=\"227\">B503\/100<\/td>\n<td width=\"227\">1000\/400\/1850mm<\/td>\n<td width=\"227\">10,0 kg<\/td>\n<\/tr>\n<tr>\n<td width=\"227\">B503\/110<\/td>\n<td width=\"227\">1100\/400\/1850mm<\/td>\n<td width=\"227\">10,5 kg<\/td>\n<\/tr>\n<tr>\n<td width=\"227\">B503\/120<\/td>\n<td width=\"227\">1200\/400\/1850mm<\/td>\n<td width=\"227\">11,0 kg<\/td>\n<\/tr>\n<\/tbody>\n<\/table>\n<p>[\/vc_column_text][\/vc_tta_section][vc_tta_section title=&#8221;Transportverpackung&#8221; tab_id=&#8221;1674147969020-f4dcfcfa-9c00&#8243;][vc_column_text]Transport zum Zielort m\u00f6glich.[\/vc_column_text][\/vc_tta_section][\/vc_tta_accordion][\/vc_column][\/vc_row][vc_row][vc_column][\/vc_column][\/vc_row]<\/p>\n","protected":false},"excerpt":{"rendered":"<p>B503-Umkleideb\u00e4nke mit Kleiderb\u00fcgel sind ein toller Helfer in den Umkleider\u00e4umen der Schwimmschule. Sie sind aus massivem Material gefertigt. Die Hauptmaterialien sind HPL und Aluminium, eine Kombination, die eine hohe Widerstandsf\u00e4higkeit und Haltbarkeit erm\u00f6glicht.<\/p>\n","protected":false},"featured_media":19394,"template":"","meta":[],"product_cat":[183],"product_tag":[172],"_links":{"self":[{"href":"https:\/\/frajt.cz\/de\/wp-json\/wp\/v2\/product\/20423"}],"collection":[{"href":"https:\/\/frajt.cz\/de\/wp-json\/wp\/v2\/product"}],"about":[{"href":"https:\/\/frajt.cz\/de\/wp-json\/wp\/v2\/types\/product"}],"wp:featuredmedia":[{"embeddable":true,"href":"https:\/\/frajt.cz\/de\/wp-json\/wp\/v2\/media\/19394"}],"wp:attachment":[{"href":"https:\/\/frajt.cz\/de\/wp-json\/wp\/v2\/media?parent=20423"}],"wp:term":[{"taxonomy":"product_cat","embeddable":true,"href":"https:\/\/frajt.cz\/de\/wp-json\/wp\/v2\/product_cat?post=20423"},{"taxonomy":"product_tag","embeddable":true,"href":"https:\/\/frajt.cz\/de\/wp-json\/wp\/v2\/product_tag?post=20423"}],"curies":[{"name":"wp","href":"https:\/\/api.w.org\/{rel}","templated":true}]}}