{"id":20448,"date":"2023-08-09T16:48:33","date_gmt":"2023-08-09T14:48:33","guid":{"rendered":"https:\/\/frajt.cz\/product\/sprchova-delici-stena-durable-kompakt-s410\/"},"modified":"2024-04-25T22:14:19","modified_gmt":"2024-04-25T20:14:19","slug":"duschtrennwand-durable-kompakt-s410","status":"publish","type":"product","link":"https:\/\/frajt.cz\/de\/produkt\/duschtrennwand-durable-kompakt-s410\/","title":{"rendered":"Duschtrennwand Durable Kompakt S410"},"content":{"rendered":"<p>[vc_row][vc_column width=&#8221;1\/2&#8243;][vc_column_text]Ausf\u00fchrung des Materials der Trennwand: HPL \u2013 Hochdrucklaminat, Wandst\u00e4rke 12 mm. H\u00f6henverstellbares Bein aus Edelstahl 150 mm \u00b1 15 mm. Obere Querstrebe aus Aluminium. Die Grundma\u00dfe der Trennwand betragen H\u00f6he 2000 mm (inkl. Bein), Tiefe 1000 mm.<\/p>\n<p>Varianten:<\/p>\n<p>S410_1 eine Trennwand zwischen zwei Duschen, Wandtiefe 1000 mm, H\u00f6he 2000 mm, inklusive verstellbarer St\u00fctzf\u00fc\u00dfe, H\u00f6he 150 mm, Edelstahlausf\u00fchrung, obere Befestigung mit einer Querstrebe zwischen den W\u00e4nden<\/p>\n<p>S410_2 zwei Trennw\u00e4nde zwischen drei Duschen[\/vc_column_text][\/vc_column][vc_column width=&#8221;1\/2&#8243;][vc_tta_accordion][vc_tta_section title=&#8221;Individuelle Anpassungen&#8221; tab_id=&#8221;1674147891462-1b8df229-bc36&#8243;][vc_column_text]<\/p>\n<ul>\n<li>Abdeckung der oberen Leiste mit einer HPL-Platte<\/li>\n<li>Vorderseite der Trennwand 150 mm<\/li>\n<li>Zubeh\u00f6r \u2013 Haken, Seifenschalen<\/li>\n<\/ul>\n<p>[\/vc_column_text][\/vc_tta_section][vc_tta_section title=&#8221;Typisierte Module&#8221; tab_id=&#8221;1674147891473-0e4d2220-6f06&#8243;][vc_column_text]<strong>Standardfarbl\u00f6sung<\/strong><\/p>\n<p>Wei\u00df <u>ht<\/u>tp<u>s:\/\/<\/u><a href=\"http:\/\/www.fundermax.com\/en\/Portfolio\/Decors\/Weiss_d_51655\">www.fundermax.com\/en\/Portfolio\/Decors\/Weiss_d_51655<\/a><\/p>\n<p>Grau <u>https:\/\/<\/u><a href=\"http:\/\/www.fundermax.com\/en\/Portfolio\/Decors\/Pastellgrau_d_51665\">www.fundermax.com\/en\/Portfolio\/Decors\/Pastell<\/a><a href=\"http:\/\/www.fundermax.com\/en\/Portfolio\/Decors\/Pastellgrau_d_51665\">g<\/a><a href=\"http:\/\/www.fundermax.com\/en\/Portfolio\/Decors\/Pastellgrau_d_51665\">rau<\/a><a href=\"http:\/\/www.fundermax.com\/en\/Portfolio\/Decors\/Pastellgrau_d_51665\">_d_<\/a><a href=\"http:\/\/www.fundermax.com\/en\/Portfolio\/Decors\/Pastellgrau_d_51665\">51665<\/a><\/p>\n<p>Beige <u>ht<\/u>tp<u>s:\/\/<\/u><a href=\"http:\/\/www.fundermax.com\/en\/Portfolio\/Decors\/Hellbeige_d_51208\">www.fundermax.com\/en\/Portfolio\/Decors\/Hellbei<\/a><a href=\"http:\/\/www.fundermax.com\/en\/Portfolio\/Decors\/Hellbeige_d_51208\">g<\/a><a href=\"http:\/\/www.fundermax.com\/en\/Portfolio\/Decors\/Hellbeige_d_51208\">e<\/a><a href=\"http:\/\/www.fundermax.com\/en\/Portfolio\/Decors\/Hellbeige_d_51208\">_d_<\/a><a href=\"http:\/\/www.fundermax.com\/en\/Portfolio\/Decors\/Hellbeige_d_51208\">51208<\/a><\/p>\n<p>&nbsp;<\/p>\n<h2>Abmessungen und Gewicht<\/h2>\n<p>Tiefe 1000 mm<\/p>\n<p>H\u00f6he 2000 mm<\/p>\n<p>Gewicht 30 kg<\/p>\n<p>verstellbare Beinh\u00f6he 150 mm<\/p>\n<p>[\/vc_column_text][\/vc_tta_section][vc_tta_section title=&#8221;Transportverpackung&#8221; tab_id=&#8221;1674147969020-f4dcfcfa-9c00&#8243;][vc_column_text]Transport zum Zielort m\u00f6glich.[\/vc_column_text][\/vc_tta_section][\/vc_tta_accordion][\/vc_column][\/vc_row]<\/p>\n","protected":false},"excerpt":{"rendered":"<p>Duschtrennwand aus hochwertigem, 12 mm starkem HPL Material. Macht die Umgebung von Gemeinschaftsduschen in Schwimmb\u00e4dern oder Sch\u00fclerwohnheimen angenehmer. Gro\u00dfe Auswahl an Farben. Frontplatte zum Anbringen von Handtuchhaken.<\/p>\n","protected":false},"featured_media":0,"template":"","meta":[],"product_cat":[187,186,185],"product_tag":[],"_links":{"self":[{"href":"https:\/\/frajt.cz\/de\/wp-json\/wp\/v2\/product\/20448"}],"collection":[{"href":"https:\/\/frajt.cz\/de\/wp-json\/wp\/v2\/product"}],"about":[{"href":"https:\/\/frajt.cz\/de\/wp-json\/wp\/v2\/types\/product"}],"wp:attachment":[{"href":"https:\/\/frajt.cz\/de\/wp-json\/wp\/v2\/media?parent=20448"}],"wp:term":[{"taxonomy":"product_cat","embeddable":true,"href":"https:\/\/frajt.cz\/de\/wp-json\/wp\/v2\/product_cat?post=20448"},{"taxonomy":"product_tag","embeddable":true,"href":"https:\/\/frajt.cz\/de\/wp-json\/wp\/v2\/product_tag?post=20448"}],"curies":[{"name":"wp","href":"https:\/\/api.w.org\/{rel}","templated":true}]}}