{"id":21949,"date":"2026-01-15T22:03:28","date_gmt":"2026-01-15T21:03:28","guid":{"rendered":"https:\/\/frajt.cz\/?post_type=product&#038;p=21949"},"modified":"2026-01-15T22:15:01","modified_gmt":"2026-01-15T21:15:01","slug":"kleiderschrank-single-comfort-hpl-a101-kopirovat","status":"publish","type":"product","link":"https:\/\/frajt.cz\/de\/produkt\/kleiderschrank-single-comfort-hpl-a101-kopirovat\/","title":{"rendered":"Kleiderschrank Single Comfort HPL A101 (Kop\u00edrovat)"},"content":{"rendered":"<p>[vc_row][vc_column width=&#8221;1\/2&#8243;][vc_column_text]Die Ma\u00dfe des Kleiderschranks A 101\/30 (40) betragen in der Standardausf\u00fchrung: Breite 30 cm (40 cm), Tiefe 50 cm, H\u00f6he 180 cm, H\u00f6he des AL Untergestells 20 cm (Gesamth\u00f6he der Baugruppe 200 cm). Der Schrank besteht aus HPL (kompakte Laminatplatten) mit einer St\u00e4rke von 4 und 8 mm (Korpus), 8 mm (T\u00fcr). Wir legen die Bretter in Aluminiumprofile ein. HPL ist ein \u00e4u\u00dferst widerstandsf\u00e4higes Material gegen Wasser, Chemikalien und mechanische Besch\u00e4digungen, das f\u00fcr stark beanspruchte und frequentierte R\u00e4ume verwendet wird. Die T\u00fcr ist mit einem durchgehenden Scharniersystem ausgestattet, das die Sicherheit des Schrankes erh\u00f6ht und ein ungewolltes Eindringen in den Schrank erschwert. Standarde Farbdesign: wei\u00dfer Korpus, T\u00fcr zur Auswahl aus einer Palette von Unifarben, Aluminiumelemente mit eloxierter Oberfl\u00e4chenbehandlung. Der Schrank ist ausgestattet mit: T\u00fcrnummer, oberem Regal, Kleiderstange. Das Schloss ist nach Wahl des Anlegers ein gesonderter Liefergegenstand: mechanisch, PIN oder elektronisch.[\/vc_column_text][\/vc_column][vc_column width=&#8221;1\/2&#8243;][vc_tta_accordion][vc_tta_section title=&#8221;Individuelle Anpassungen&#8221; tab_id=&#8221;1674147891462-1b8df229-bc36&#8243;][vc_column_text]Das Design des Schrankes kann auf Wunsch ge\u00e4ndert werden.[\/vc_column_text][\/vc_tta_section][vc_tta_section title=&#8221;Typisierte Module&#8221; tab_id=&#8221;1674147891473-0e4d2220-6f06&#8243;][vc_column_text]Wir versenden Waren in standardisierten Modulen mit 3 Lagerpl\u00e4tzen. Die Module sind je nach Bedarf modifizierbar (2 Lagerpl\u00e4tze).[\/vc_column_text][\/vc_tta_section][vc_tta_section title=&#8221;Abmessungen und Gewicht&#8221; tab_id=&#8221;1674147951503-a65fc6e1-6df2&#8243;][vc_column_text]Abmessungen und Gewicht typisierter Module<\/p>\n<p>A 101\/30, 2 Pl\u00e4tze: 600\/1800\/500mm, 50kg<\/p>\n<p>3 Pl\u00e4tze: 900\/1800\/500 mm, 60 kg<\/p>\n<p>Abmessungen und Gewicht typisierter Module<\/p>\n<p>A 101\/40, 2 Pl\u00e4tze: 800\/1800\/500mm 55kg 3 Pl\u00e4tze: 1200\/1800\/500 mm 65 kg<\/p>\n<p>Die Basen sind separat verpackt.[\/vc_column_text][\/vc_tta_section][vc_tta_section title=&#8221;Transportverpackung&#8221; tab_id=&#8221;1674147969020-f4dcfcfa-9c00&#8243;][vc_column_text]Der Transport erfolgt standardm\u00e4\u00dfig nicht auf Paletten.[\/vc_column_text][\/vc_tta_section][\/vc_tta_accordion][\/vc_column][\/vc_row][vc_row][vc_column][vc_masonry_media_grid grid_id=&#8221;vc_gid:1711531801822-a9552026-4803-5&#8243; include=&#8221;17036,16595,16594,16592,16591,16590,16589,16588,16587,16586,16584,16585&#8243;][\/vc_column][\/vc_row]<\/p>\n","protected":false},"excerpt":{"rendered":"<p>Ein komfortabler Schrank, geeignet f\u00fcr Schwimmb\u00e4der, Wellnessbereiche, spezielle Arbeitspl\u00e4tze mit hohen Anforderungen an aseptische Umgebungen, lebensmittelverarbeitende Betriebe, Krankenh\u00e4user oder zur praktischen Aufbewahrung von M\u00e4nteln. Hergestellt aus extrem langlebigen HPL\u00a0 und Aluminiumelementen.<\/p>\n","protected":false},"featured_media":21953,"template":"","meta":[],"product_cat":[],"product_tag":[172],"_links":{"self":[{"href":"https:\/\/frajt.cz\/de\/wp-json\/wp\/v2\/product\/21949"}],"collection":[{"href":"https:\/\/frajt.cz\/de\/wp-json\/wp\/v2\/product"}],"about":[{"href":"https:\/\/frajt.cz\/de\/wp-json\/wp\/v2\/types\/product"}],"wp:featuredmedia":[{"embeddable":true,"href":"https:\/\/frajt.cz\/de\/wp-json\/wp\/v2\/media\/21953"}],"wp:attachment":[{"href":"https:\/\/frajt.cz\/de\/wp-json\/wp\/v2\/media?parent=21949"}],"wp:term":[{"taxonomy":"product_cat","embeddable":true,"href":"https:\/\/frajt.cz\/de\/wp-json\/wp\/v2\/product_cat?post=21949"},{"taxonomy":"product_tag","embeddable":true,"href":"https:\/\/frajt.cz\/de\/wp-json\/wp\/v2\/product_tag?post=21949"}],"curies":[{"name":"wp","href":"https:\/\/api.w.org\/{rel}","templated":true}]}}