{"id":22001,"date":"2026-01-15T22:43:32","date_gmt":"2026-01-15T21:43:32","guid":{"rendered":"https:\/\/frajt.cz\/?post_type=product&#038;p=22001"},"modified":"2026-01-15T22:46:20","modified_gmt":"2026-01-15T21:46:20","slug":"wardrobe-single-comfort-kompakt-a101-kopirovat-kopirovat-kopirovat-2","status":"publish","type":"product","link":"https:\/\/frajt.cz\/en\/produkt\/wardrobe-single-comfort-kompakt-a101-kopirovat-kopirovat-kopirovat-2\/","title":{"rendered":"Wardrobe <b>Single Comfort Kompakt <\/b>A101 (Kop\u00edrovat) (Kop\u00edrovat) (Kop\u00edrovat)"},"content":{"rendered":"<p>[vc_row][vc_column width=&#8221;1\/2&#8243;][vc_column_text]The dimensions of the wardrobe A 101\/30 (40) are standard: width 30 cm (40 cm), depth 50 cm, height 180 cm, height of the AL base 20 cm (total height of the assembly 200 cm). The cabinet is made of HPL (compact laminate board) 4 and 8 mm thick (body), 8 mm thick (door). The boards are embedded in aluminium profiles. HPL is a highly resistant material to water, chemicals, mechanical damage, used for highly loaded and frequented areas. The doors are fitted with a continuous hinge system, which increases the security of the cabinet and makes unwanted intrusion into the cabinet more difficult. Default colour finish: white body, doors in a choice of uni-colours, aluminium elements with anodised finish. The cabinet is equipped with: door number, top shelf, wardrobe bar. The lock is a separate delivery item according to the investor&#8217;s choice: mechanical, pin or electronic.[\/vc_column_text][\/vc_column][vc_column width=&#8221;1\/2&#8243;][vc_tta_accordion][vc_tta_section title=&#8221;Customized modifications&#8221; tab_id=&#8221;1674147891462-1b8df229-bc36&#8243;][vc_column_text]The cabinet can be customised on request.[\/vc_column_text][\/vc_tta_section][vc_tta_section title=&#8221;Typed modules&#8221; tab_id=&#8221;1674147891473-0e4d2220-6f06&#8243;][vc_column_text]The goods are shipped in standardized modules with 3 storage places. Modules can be customized as required (2 storage spaces).[\/vc_column_text][\/vc_tta_section][vc_tta_section title=&#8221;Dimensions and weight&#8221; tab_id=&#8221;1674147951503-a65fc6e1-6df2&#8243;][vc_column_text]Dimensions and weight of standardised modules A 101\/30,<\/p>\n<p>2 places : 600\/1800\/500mm, 50kg<br \/>\n3 places : 900\/1800\/500mm, 60kg<\/p>\n<p>Dimensions and weight of standardised modules<\/p>\n<p>A 101\/40, 2 places : 800\/1800\/500mm 55kg<br \/>\n3 places : 1200\/1800\/500mm 65kg<\/p>\n<p>The bases are packed separately.[\/vc_column_text][\/vc_tta_section][vc_tta_section title=&#8221;Transport packaging&#8221; tab_id=&#8221;1674147969020-f4dcfcfa-9c00&#8243;][vc_column_text]As a rule, transport is not carried out on pallets.[\/vc_column_text][\/vc_tta_section][\/vc_tta_accordion][\/vc_column][\/vc_row][vc_row][vc_column][vc_masonry_media_grid grid_id=&#8221;vc_gid:1695635380782-73585b88-f709-7&#8243; include=&#8221;17036,16595,16594,16592,16591,16590,16589,16588,16587,16586,16584,16585&#8243;][\/vc_column][\/vc_row]<\/p>\n","protected":false},"excerpt":{"rendered":"<p><strong style=\"color: #161616;\">Specifications<\/strong><br \/>\nComfortable cabinet suitable for swimming pools, wellness, special workplaces with high demands on aseptic environment, food processing plants, hospitals or for convenient storage of coats. Made of extremely durable HPL and aluminium elements. <\/p>\n","protected":false},"featured_media":21964,"template":"","meta":[],"product_cat":[15],"product_tag":[213],"_links":{"self":[{"href":"https:\/\/frajt.cz\/en\/wp-json\/wp\/v2\/product\/22001"}],"collection":[{"href":"https:\/\/frajt.cz\/en\/wp-json\/wp\/v2\/product"}],"about":[{"href":"https:\/\/frajt.cz\/en\/wp-json\/wp\/v2\/types\/product"}],"wp:featuredmedia":[{"embeddable":true,"href":"https:\/\/frajt.cz\/en\/wp-json\/wp\/v2\/media\/21964"}],"wp:attachment":[{"href":"https:\/\/frajt.cz\/en\/wp-json\/wp\/v2\/media?parent=22001"}],"wp:term":[{"taxonomy":"product_cat","embeddable":true,"href":"https:\/\/frajt.cz\/en\/wp-json\/wp\/v2\/product_cat?post=22001"},{"taxonomy":"product_tag","embeddable":true,"href":"https:\/\/frajt.cz\/en\/wp-json\/wp\/v2\/product_tag?post=22001"}],"curies":[{"name":"wp","href":"https:\/\/api.w.org\/{rel}","templated":true}]}}